{"id":10,"date":"2011-06-24T22:51:24","date_gmt":"2011-06-24T20:51:24","guid":{"rendered":"http:\/\/www.mg-fribourg.ch\/?page_id=10"},"modified":"2011-07-31T18:10:04","modified_gmt":"2011-07-31T16:10:04","slug":"anmeldung-inscription","status":"publish","type":"page","link":"https:\/\/www.mg-fribourg.ch\/?page_id=10","title":{"rendered":"Anmeldung \/ Inscription"},"content":{"rendered":"<p style=\"text-align: justify;\">Ich m\u00f6chte mich als Klubmitglied anmelden<br \/>\nJe d\u00e9sire m&#8217;inscrire au club en qualit\u00e9 de membre<\/p>\n<p style=\"text-align: justify;\">Der Mitgliederbeitrag betr\u00e4gt 90.- Fr \/ Jahr (Junioren 45.- Fr. \/ Jahr).<br \/>\nLa cotisation est de Fr. 90.- \/ an (juniors Fr. 45.- \/ an).<\/p>\n<p style=\"text-align: justify;\">Sie werden obligatorisch Mitglied des Aeroklubs. Als solches erhalten sie die beiden Zeitschriften Aero Revue und Modellflugsport und sind automatisch einer Haftpflichtversicherung angeschlossen. Der Jahresbeitrag betr\u00e4gt ca 130.- Fr. und wird vom Aeroklub direkt eingezogen.<br \/>\nLes membres de l&#8217;A\u00e9ro-Club de Suisse re\u00e7oivent les revues A\u00e9ro Revue et Modellflugsport et b\u00e9n\u00e9ficient automatiquement d&#8217;une assurance responsabilit\u00e9 civile. La cotisation annuelle est d&#8217;environ Fr. 130.- et est factur\u00e9e directement par l&#8217;A\u00e9ro-Club de Suisse.<\/p>\n\n<div class=\"wpcf7 no-js\" id=\"wpcf7-f1067-o1\" lang=\"en-US\" dir=\"ltr\" data-wpcf7-id=\"1067\">\n<div class=\"screen-reader-response\"><p role=\"status\" aria-live=\"polite\" aria-atomic=\"true\"><\/p> <ul><\/ul><\/div>\n<form action=\"\/index.php?rest_route=%2Fwp%2Fv2%2Fpages%2F10#wpcf7-f1067-o1\" method=\"post\" class=\"wpcf7-form init\" aria-label=\"Contact form\" enctype=\"multipart\/form-data\" novalidate=\"novalidate\" data-status=\"init\">\n<fieldset class=\"hidden-fields-container\"><input type=\"hidden\" name=\"_wpcf7\" value=\"1067\" \/><input type=\"hidden\" name=\"_wpcf7_version\" value=\"6.1.5\" \/><input type=\"hidden\" name=\"_wpcf7_locale\" value=\"en_US\" \/><input type=\"hidden\" name=\"_wpcf7_unit_tag\" value=\"wpcf7-f1067-o1\" \/><input type=\"hidden\" name=\"_wpcf7_container_post\" value=\"0\" \/><input type=\"hidden\" name=\"_wpcf7_posted_data_hash\" value=\"\" \/><input type=\"hidden\" name=\"_wpcf7_recaptcha_response\" value=\"\" \/>\n<\/fieldset>\n<p>Name \/ Nom *\n<\/p>\n<p><span class=\"wpcf7-form-control-wrap\" data-name=\"your-name\"><input size=\"40\" maxlength=\"400\" class=\"wpcf7-form-control wpcf7-text wpcf7-validates-as-required\" aria-required=\"true\" aria-invalid=\"false\" value=\"\" type=\"text\" name=\"your-name\" \/><\/span>\n<\/p>\n<p>Email *\n<\/p>\n<p><span class=\"wpcf7-form-control-wrap\" data-name=\"your-email\"><input size=\"40\" maxlength=\"400\" class=\"wpcf7-form-control wpcf7-email wpcf7-validates-as-required wpcf7-text wpcf7-validates-as-email\" aria-required=\"true\" aria-invalid=\"false\" value=\"\" type=\"email\" name=\"your-email\" \/><\/span>\n<\/p>\n<p>Adresse *\n<\/p>\n<p><span class=\"wpcf7-form-control-wrap\" data-name=\"adresse\"><input size=\"40\" maxlength=\"400\" class=\"wpcf7-form-control wpcf7-text wpcf7-validates-as-required\" aria-required=\"true\" aria-invalid=\"false\" value=\"\" type=\"text\" name=\"adresse\" \/><\/span>\n<\/p>\n<p>PLZ Ort \/ NPA Lieu *\n<\/p>\n<p><span class=\"wpcf7-form-control-wrap\" data-name=\"lieu\"><input size=\"40\" maxlength=\"400\" class=\"wpcf7-form-control wpcf7-text wpcf7-validates-as-required\" aria-required=\"true\" aria-invalid=\"false\" value=\"\" type=\"text\" name=\"lieu\" \/><\/span>\n<\/p>\n<p>Tel. mobile *\n<\/p>\n<p><span class=\"wpcf7-form-control-wrap\" data-name=\"telprincipal\"><input size=\"40\" maxlength=\"400\" class=\"wpcf7-form-control wpcf7-text wpcf7-validates-as-required\" aria-required=\"true\" aria-invalid=\"false\" value=\"\" type=\"text\" name=\"telprincipal\" \/><\/span>\n<\/p>\n<p>Tel.\n<\/p>\n<p><span class=\"wpcf7-form-control-wrap\" data-name=\"tel\"><input size=\"40\" maxlength=\"400\" class=\"wpcf7-form-control wpcf7-text\" aria-invalid=\"false\" value=\"\" type=\"text\" name=\"tel\" \/><\/span>\n<\/p>\n<p>Tel. Beruf \/ Prof.\n<\/p>\n<p><span class=\"wpcf7-form-control-wrap\" data-name=\"tel\"><input size=\"40\" maxlength=\"400\" class=\"wpcf7-form-control wpcf7-text\" aria-invalid=\"false\" value=\"\" type=\"text\" name=\"tel\" \/><\/span>\n<\/p>\n<p>Geburtsdatum \/ Date de naissance *\n<\/p>\n<p><span class=\"wpcf7-form-control-wrap\" data-name=\"geburt\"><input size=\"40\" maxlength=\"400\" class=\"wpcf7-form-control wpcf7-text wpcf7-validates-as-required\" aria-required=\"true\" aria-invalid=\"false\" value=\"\" type=\"text\" name=\"geburt\" \/><\/span>\n<\/p>\n<p>Beruf \/ Profession\n<\/p>\n<p><span class=\"wpcf7-form-control-wrap\" data-name=\"profession\"><input size=\"40\" maxlength=\"400\" class=\"wpcf7-form-control wpcf7-text\" aria-invalid=\"false\" value=\"\" type=\"text\" name=\"profession\" \/><\/span>\n<\/p>\n<p>Ich bin bereits beim Aero Club Mitglied \/ Je suis d\u00e9j\u00e0 membre de l'A\u00e9ro Club\n<\/p>\n<p><span class=\"wpcf7-form-control-wrap\" data-name=\"AroClub\"><select class=\"wpcf7-form-control wpcf7-select\" aria-invalid=\"false\" name=\"AroClub\"><option value=\"Nein - Non\">Nein - Non<\/option><option value=\"Ja - Oui\">Ja - Oui<\/option><\/select><\/span>\n<\/p>\n<p>Mein Foto \/ Ma photo\n<\/p>\n<p><span class=\"wpcf7-form-control-wrap\" data-name=\"FotoPhoto\"><input size=\"40\" class=\"wpcf7-form-control wpcf7-file\" accept=\"audio\/*,video\/*,image\/*\" aria-invalid=\"false\" type=\"file\" name=\"FotoPhoto\" \/><\/span>\n<\/p>\n<p>(* = Notwendig \/ N\u00e9cessaire)\n<\/p>\n<p><input class=\"wpcf7-form-control wpcf7-submit has-spinner\" type=\"submit\" value=\"Send\" \/>\n<\/p><p style=\"display: none !important;\" class=\"akismet-fields-container\" data-prefix=\"_wpcf7_ak_\"><label>&#916;<textarea name=\"_wpcf7_ak_hp_textarea\" cols=\"45\" rows=\"8\" maxlength=\"100\"><\/textarea><\/label><input type=\"hidden\" id=\"ak_js_1\" name=\"_wpcf7_ak_js\" value=\"42\"\/><script>document.getElementById( \"ak_js_1\" ).setAttribute( \"value\", ( new Date() ).getTime() );<\/script><\/p><div class=\"wpcf7-response-output\" aria-hidden=\"true\"><\/div>\n<\/form>\n<\/div>\n\n","protected":false},"excerpt":{"rendered":"<p>Ich m\u00f6chte mich als Klubmitglied anmelden Je d\u00e9sire m&#8217;inscrire au club en qualit\u00e9 de membre Der Mitgliederbeitrag betr\u00e4gt 90.- Fr \/ Jahr (Junioren 45.- Fr. \/ Jahr). La cotisation est de Fr. 90.- \/ an (juniors Fr. 45.- \/ an). Sie werden obligatorisch Mitglied des Aeroklubs. Als solches erhalten sie die beiden Zeitschriften Aero Revue [&hellip;]<\/p>\n","protected":false},"author":2,"featured_media":0,"parent":0,"menu_order":5,"comment_status":"closed","ping_status":"closed","template":"","meta":{"footnotes":""},"class_list":["post-10","page","type-page","status-publish","hentry"],"_links":{"self":[{"href":"https:\/\/www.mg-fribourg.ch\/index.php?rest_route=\/wp\/v2\/pages\/10","targetHints":{"allow":["GET"]}}],"collection":[{"href":"https:\/\/www.mg-fribourg.ch\/index.php?rest_route=\/wp\/v2\/pages"}],"about":[{"href":"https:\/\/www.mg-fribourg.ch\/index.php?rest_route=\/wp\/v2\/types\/page"}],"author":[{"embeddable":true,"href":"https:\/\/www.mg-fribourg.ch\/index.php?rest_route=\/wp\/v2\/users\/2"}],"replies":[{"embeddable":true,"href":"https:\/\/www.mg-fribourg.ch\/index.php?rest_route=%2Fwp%2Fv2%2Fcomments&post=10"}],"version-history":[{"count":3,"href":"https:\/\/www.mg-fribourg.ch\/index.php?rest_route=\/wp\/v2\/pages\/10\/revisions"}],"predecessor-version":[{"id":13,"href":"https:\/\/www.mg-fribourg.ch\/index.php?rest_route=\/wp\/v2\/pages\/10\/revisions\/13"}],"wp:attachment":[{"href":"https:\/\/www.mg-fribourg.ch\/index.php?rest_route=%2Fwp%2Fv2%2Fmedia&parent=10"}],"curies":[{"name":"wp","href":"https:\/\/api.w.org\/{rel}","templated":true}]}}