{"id":14,"date":"2011-06-25T10:40:47","date_gmt":"2011-06-25T08:40:47","guid":{"rendered":"http:\/\/www.mg-fribourg.ch\/?page_id=14"},"modified":"2025-02-10T22:28:16","modified_gmt":"2025-02-10T21:28:16","slug":"uber-uns-qui-sommes-nous","status":"publish","type":"page","link":"https:\/\/www.mg-fribourg.ch\/?page_id=14","title":{"rendered":"\u00dcber uns \/ Qui sommes nous"},"content":{"rendered":"<h3 style=\"text-align: justify;\"><\/h3>\n<h4 style=\"text-align: justify;\"><strong>Le Club<\/strong><\/h4>\n<p style=\"text-align: justify;\"><strong><a href=\"http:\/\/www.mg-fribourg.ch\/wp-content\/uploads\/2011_tw_Ueber-uns-Qui-sommes-nous_2.png\"><img loading=\"lazy\" decoding=\"async\" class=\"alignright size-medium wp-image-110\" title=\"2011_tw_Ueber uns Qui sommes nous_2\" src=\"http:\/\/www.mg-fribourg.ch\/wp-content\/uploads\/2011_tw_Ueber-uns-Qui-sommes-nous_2-300x225.png\" alt=\"\" width=\"300\" height=\"225\" srcset=\"https:\/\/www.mg-fribourg.ch\/wp-content\/uploads\/2011_tw_Ueber-uns-Qui-sommes-nous_2-300x225.png 300w, https:\/\/www.mg-fribourg.ch\/wp-content\/uploads\/2011_tw_Ueber-uns-Qui-sommes-nous_2.png 1024w\" sizes=\"auto, (max-width: 300px) 100vw, 300px\" \/><\/a>Activit\u00e9s<\/strong><br \/>\nLe Groupement Fribourg de Mod\u00e8les R\u00e9duits a pour but la construction et le pilotage de mod\u00e8les r\u00e9duits volants &#8211; planeurs, avions, h\u00e9licopt\u00e8res etc &#8211; t\u00e9l\u00e9command\u00e9s.<\/p>\n<p style=\"text-align: justify;\"><strong>D\u00e9butants et pilotes exp\u00e9riment\u00e9s<\/strong><br \/>\nIl est le lieu privil\u00e9gi\u00e9 de rencontre pour permettre l&#8217;\u00e9change d&#8217;id\u00e9es, d&#8217;exp\u00e9riences et de conseils concernant la construction, la mise au point, puis le pilotage de mod\u00e8les r\u00e9duits. Il propose en outre une \u00e9cole de pilotage avec t\u00e9l\u00e9commande moniteur-\u00e9l\u00e8ve.<\/p>\n<p style=\"text-align: justify;\"><strong>Club house et sites de vol<\/strong><br \/>\nLe Club dispose d&#8217;une <a href=\"http:\/\/www.mg-fribourg.ch\/?p=28\">piste<\/a> de gazon d&#8217;une longeur de 130 m\u00e8tres \u00e0 10 min. de Fribourg avec quelques infrastructures l\u00e9g\u00e8res ainsi que de divers sites de vol de pente dans la r\u00e9gion et dans les alpes fribourgeoises.<\/p>\n<p style=\"text-align: justify;\"><strong>Activit\u00e9s<\/strong><br \/>\nAu sein du Club il est possible de pratiquer le vol moteur (avions, h\u00e9licopt\u00e8res, etc.) aussi bien que le planeur (avec d\u00e9part lanc\u00e9, treuil ou remorquage avec avion moteur). Le Club organise aussi plusieurs \u00e9v\u00e9nements dans l&#8217;ann\u00e9e, tels que f\u00eate de la piste, concours, ainsi que des visites en groupe.<\/p>\n<p style=\"text-align: justify;\"><strong>Affiliation<\/strong><br \/>\nLe Club est affili\u00e9 \u00e0 la <a title=\"F\u00e9d\u00e9ration Suisse d'A\u00e9romod\u00e9lisme\" href=\"http:\/\/www.modellflug.ch\" target=\"_blank\" rel=\"noopener noreferrer\">F\u00e9d\u00e9ration Suisse d&#8217;A\u00e9romod\u00e9lisme FSAM <\/a>et, de ce fait, membre de<a title=\"A\u00e9ro-Club de Suisse A\u00e9CS\" href=\"http:\/\/www.aeroclub.ch\" target=\"_blank\" rel=\"noopener noreferrer\"> l&#8217;A\u00e9ro-Club de Suisse A\u00e9CS <\/a>, lesquels offrent l&#8217;encadrement n\u00e9cessaire \u00e0 la pratique et au d\u00e9veloppement du mod\u00e9lisme.<\/p>\n<h4 style=\"text-align: justify;\"><strong>Der Club<\/strong><\/h4>\n<p style=\"text-align: justify;\"><strong><a href=\"http:\/\/www.mg-fribourg.ch\/wp-content\/uploads\/2011_tw_Ueber-uns-Qui-sommes-nous_1.jpg\"><img loading=\"lazy\" decoding=\"async\" class=\"alignleft size-medium wp-image-109\" title=\"2011_tw_Ueber uns Qui sommes nous_1\" src=\"http:\/\/www.mg-fribourg.ch\/wp-content\/uploads\/2011_tw_Ueber-uns-Qui-sommes-nous_1-300x224.jpg\" alt=\"\" width=\"300\" height=\"224\" srcset=\"https:\/\/www.mg-fribourg.ch\/wp-content\/uploads\/2011_tw_Ueber-uns-Qui-sommes-nous_1-300x224.jpg 300w, https:\/\/www.mg-fribourg.ch\/wp-content\/uploads\/2011_tw_Ueber-uns-Qui-sommes-nous_1-1024x765.jpg 1024w, https:\/\/www.mg-fribourg.ch\/wp-content\/uploads\/2011_tw_Ueber-uns-Qui-sommes-nous_1.jpg 1294w\" sizes=\"auto, (max-width: 300px) 100vw, 300px\" \/><\/a>Die Zielsetzung<\/strong><br \/>\nder Modellfluggruppe Freiburg ist das bauen und fliegen von Ferngesteuerten Segel- und Motorflugzeugen und Helikoptern.<\/p>\n<p style=\"text-align: justify;\"><strong>Anf\u00e4nger und erfahrene Piloten<\/strong><br \/>\nhaben die M\u00f6glichkeit sich gegenseitig die Gedanken, Erfahrungen, Ratschl\u00e4ge zum Bau, Einstellungen oder fliegerische Informationen auszutauschen. Die Piloten haben ausserdem die Gelegenheit das fliegen im Lehrer-Sch\u00fcler Betrieb zu erlernen.<\/p>\n<p style=\"text-align: justify;\"><strong>Clublokal, Flugplatz und Hangfluggel\u00e4nde<\/strong><br \/>\nDer Club verf\u00fcgt (etwa 10 Minuten von der Stadt entfernt) einen <a href=\"http:\/\/www.mg-fribourg.ch\/?p=28\">Flugplatz <\/a>mit einer 130m langen Graspiste. Bei sch\u00f6nem Wetter wird grilliert und abseits von Stress und Hektik geniessen wir das lockere Clubleben. In den sch\u00f6nen Freiburger Voralpen betreiben wir, an sehr gut angestr\u00f6mten H\u00e4ngen, das Hangfliegen.<\/p>\n<p style=\"text-align: justify;\"><strong>Aktivit\u00e4ten<\/strong><br \/>\nIm Club werden Motorflugzeuge, Helikopter mit Elektromotoren oder Verbrennungsmotoren geflogen. Es werden aber auch Segelflugzeuge mit Elektromotor oder der Windenstart und das Hangfliegen praktiziert. Sehr beliebt ist das schleppen von Segelflugzeugen mit einem Motorflugzeug. Der Club organisiert auch mehrere Ereignisse wie das Pistenfest, Wettbewerbe in deversen Sparten, Wochenendausfl\u00fcge zum Hangfliegen und Ausfl\u00fcge zu Fachmessen oder Flugmeetings.<\/p>\n<p style=\"text-align: justify;\"><strong>Verband<\/strong><br \/>\nDer Club ist dem <a title=\"Schweizerischer Modellflugverband SMV\" href=\"http:\/\/www.modellflug.ch\" target=\"_blank\" rel=\"noopener noreferrer\">Schweizerischen Modellflugverband SMV <\/a>angeschlossen und somit dem <a title=\"Aero-Club der Schweiz\" href=\"http:\/\/www.aeroclub.ch\" target=\"_blank\" rel=\"noopener noreferrer\">AeroClub der Schweiz <\/a>angegliedert, welcher die Betreuung f\u00fcr die Praxis und Entwicklung des Modellbaus unentbehrlich unterst\u00fctzt.<\/p>\n","protected":false},"excerpt":{"rendered":"<p>Le Club Activit\u00e9s Le Groupement Fribourg de Mod\u00e8les R\u00e9duits a pour but la construction et le pilotage de mod\u00e8les r\u00e9duits volants &#8211; planeurs, avions, h\u00e9licopt\u00e8res etc &#8211; t\u00e9l\u00e9command\u00e9s. D\u00e9butants et pilotes exp\u00e9riment\u00e9s Il est le lieu privil\u00e9gi\u00e9 de rencontre pour permettre l&#8217;\u00e9change d&#8217;id\u00e9es, d&#8217;exp\u00e9riences et de conseils concernant la construction, la mise au point, puis [&hellip;]<\/p>\n","protected":false},"author":2,"featured_media":0,"parent":0,"menu_order":1,"comment_status":"closed","ping_status":"closed","template":"","meta":{"footnotes":""},"class_list":["post-14","page","type-page","status-publish","hentry"],"_links":{"self":[{"href":"https:\/\/www.mg-fribourg.ch\/index.php?rest_route=\/wp\/v2\/pages\/14","targetHints":{"allow":["GET"]}}],"collection":[{"href":"https:\/\/www.mg-fribourg.ch\/index.php?rest_route=\/wp\/v2\/pages"}],"about":[{"href":"https:\/\/www.mg-fribourg.ch\/index.php?rest_route=\/wp\/v2\/types\/page"}],"author":[{"embeddable":true,"href":"https:\/\/www.mg-fribourg.ch\/index.php?rest_route=\/wp\/v2\/users\/2"}],"replies":[{"embeddable":true,"href":"https:\/\/www.mg-fribourg.ch\/index.php?rest_route=%2Fwp%2Fv2%2Fcomments&post=14"}],"version-history":[{"count":13,"href":"https:\/\/www.mg-fribourg.ch\/index.php?rest_route=\/wp\/v2\/pages\/14\/revisions"}],"predecessor-version":[{"id":6560,"href":"https:\/\/www.mg-fribourg.ch\/index.php?rest_route=\/wp\/v2\/pages\/14\/revisions\/6560"}],"wp:attachment":[{"href":"https:\/\/www.mg-fribourg.ch\/index.php?rest_route=%2Fwp%2Fv2%2Fmedia&parent=14"}],"curies":[{"name":"wp","href":"https:\/\/api.w.org\/{rel}","templated":true}]}}